{"id":10,"date":"2020-01-28T13:51:42","date_gmt":"2020-01-28T13:51:42","guid":{"rendered":"https:\/\/themes.muffingroup.com\/be\/hotel5\/?page_id=10"},"modified":"2023-09-15T06:47:44","modified_gmt":"2023-09-15T06:47:44","slug":"kontakt","status":"publish","type":"page","link":"https:\/\/rozle.si\/en\/kontakt\/","title":{"rendered":"Contact"},"content":{"rendered":"<div data-elementor-type=\"wp-page\" data-elementor-id=\"10\" class=\"elementor elementor-10\">\n\t\t\t\t\t\t<section class=\"elementor-section elementor-top-section elementor-element elementor-element-7462d97 elementor-section-stretched elementor-section-boxed elementor-section-height-default elementor-section-height-default\" data-id=\"7462d97\" data-element_type=\"section\" data-settings=\"{&quot;stretch_section&quot;:&quot;section-stretched&quot;,&quot;background_background&quot;:&quot;classic&quot;}\">\n\t\t\t\t\t\t<div class=\"elementor-container elementor-column-gap-wider\">\n\t\t\t\t\t<div class=\"elementor-column elementor-col-50 elementor-top-column elementor-element elementor-element-03175f9\" data-id=\"03175f9\" data-element_type=\"column\">\n\t\t\t<div class=\"elementor-widget-wrap elementor-element-populated\">\n\t\t\t\t\t\t<div class=\"elementor-element elementor-element-f52c457 elementor-widget elementor-widget-text-editor\" data-id=\"f52c457\" data-element_type=\"widget\" data-widget_type=\"text-editor.default\">\n\t\t\t\t<div class=\"elementor-widget-container\">\n\t\t\t\t\t\t\t<h2><span style=\"color: #ffffff;\">Apartments Ro\u017ele<\/span><\/h2>\t\t\t\t\t\t<\/div>\n\t\t\t\t<\/div>\n\t\t\t\t<div class=\"elementor-element elementor-element-fe68574 elementor-widget elementor-widget-text-editor\" data-id=\"fe68574\" data-element_type=\"widget\" data-widget_type=\"text-editor.default\">\n\t\t\t\t<div class=\"elementor-widget-container\">\n\t\t\t\t\t\t\t<h6><span style=\"letter-spacing: 0px;\"><span style=\"color: #e5d4bd;\">OUR ADDRESS<\/span><\/span><\/h6>\n<h6><span style=\"color: #ffffff; letter-spacing: 0px;\">Ul. Dr. Josipa Ti\u010darja 14<\/span><\/h6>\n<h3><span style=\"color: #ffffff;\">4280 Kranjska Gora,<\/span>\n<span style=\"color: #ffffff;\">Slovenija<\/span><\/h3>\t\t\t\t\t\t<\/div>\n\t\t\t\t<\/div>\n\t\t\t\t<section class=\"elementor-section elementor-inner-section elementor-element elementor-element-910cf87 elementor-section-boxed elementor-section-height-default elementor-section-height-default\" data-id=\"910cf87\" data-element_type=\"section\">\n\t\t\t\t\t\t<div class=\"elementor-container elementor-column-gap-default\">\n\t\t\t\t\t<div class=\"elementor-column elementor-col-50 elementor-inner-column elementor-element elementor-element-82f8496\" data-id=\"82f8496\" data-element_type=\"column\">\n\t\t\t<div class=\"elementor-widget-wrap elementor-element-populated\">\n\t\t\t\t\t\t<div class=\"elementor-element elementor-element-6002603 elementor-widget elementor-widget-text-editor\" data-id=\"6002603\" data-element_type=\"widget\" data-widget_type=\"text-editor.default\">\n\t\t\t\t<div class=\"elementor-widget-container\">\n\t\t\t\t\t\t\t<h6><span style=\"color: #e5d4bd;\">CONTACT DETAILS<\/span><\/h6>\n<span style=\"color: #ffffff;\">Landline: +386 (0)4 5881 374<\/span>\n<span style=\"color: #ffffff;\">Mobile:<\/span>\n<span style=\"color: #ffffff;\">+386 (0)51 626 506\n<\/span>\n\n<span style=\"color: #ffffff;\">Email:<\/span>\n<span style=\"color: #ffffff;\">apartmaji@rozle.si<\/span>\t\t\t\t\t\t<\/div>\n\t\t\t\t<\/div>\n\t\t\t\t\t<\/div>\n\t\t<\/div>\n\t\t\t\t<div class=\"elementor-column elementor-col-50 elementor-inner-column elementor-element elementor-element-ff8665d\" data-id=\"ff8665d\" data-element_type=\"column\">\n\t\t\t<div class=\"elementor-widget-wrap\">\n\t\t\t\t\t\t\t<\/div>\n\t\t<\/div>\n\t\t\t\t\t<\/div>\n\t\t<\/section>\n\t\t\t\t\t<\/div>\n\t\t<\/div>\n\t\t\t\t<div class=\"elementor-column elementor-col-50 elementor-top-column elementor-element elementor-element-ace97db\" data-id=\"ace97db\" data-element_type=\"column\">\n\t\t\t<div class=\"elementor-widget-wrap elementor-element-populated\">\n\t\t\t\t\t\t<div class=\"elementor-element elementor-element-e2ddbe4 elementor-widget elementor-widget-image\" data-id=\"e2ddbe4\" data-element_type=\"widget\" data-settings=\"{&quot;_animation&quot;:&quot;none&quot;}\" data-widget_type=\"image.default\">\n\t\t\t\t<div class=\"elementor-widget-container\">\n\t\t\t\t\t\t\t\t\t\t\t\t\t<img fetchpriority=\"high\" decoding=\"async\" width=\"1024\" height=\"683\" src=\"https:\/\/rozle.si\/wp-content\/uploads\/2022\/02\/Apartmajska-Hisa-Rozle-1024x683.jpg\" class=\"attachment-large size-large wp-image-1283\" alt=\"\" srcset=\"https:\/\/rozle.si\/wp-content\/uploads\/2022\/02\/Apartmajska-Hisa-Rozle-1024x683.jpg 1024w, https:\/\/rozle.si\/wp-content\/uploads\/2022\/02\/Apartmajska-Hisa-Rozle-300x200.jpg 300w, https:\/\/rozle.si\/wp-content\/uploads\/2022\/02\/Apartmajska-Hisa-Rozle-768x512.jpg 768w, https:\/\/rozle.si\/wp-content\/uploads\/2022\/02\/Apartmajska-Hisa-Rozle-1536x1024.jpg 1536w, https:\/\/rozle.si\/wp-content\/uploads\/2022\/02\/Apartmajska-Hisa-Rozle-2048x1365.jpg 2048w, https:\/\/rozle.si\/wp-content\/uploads\/2022\/02\/Apartmajska-Hisa-Rozle-219x146.jpg 219w, https:\/\/rozle.si\/wp-content\/uploads\/2022\/02\/Apartmajska-Hisa-Rozle-50x33.jpg 50w, https:\/\/rozle.si\/wp-content\/uploads\/2022\/02\/Apartmajska-Hisa-Rozle-113x75.jpg 113w\" sizes=\"(max-width: 1024px) 100vw, 1024px\" \/>\t\t\t\t\t\t\t\t\t\t\t\t\t<\/div>\n\t\t\t\t<\/div>\n\t\t\t\t\t<\/div>\n\t\t<\/div>\n\t\t\t\t\t<\/div>\n\t\t<\/section>\n\t\t\t\t<section class=\"elementor-section elementor-top-section elementor-element elementor-element-15cd810 elementor-section-full_width elementor-section-stretched elementor-section-height-default elementor-section-height-default\" data-id=\"15cd810\" data-element_type=\"section\" data-settings=\"{&quot;stretch_section&quot;:&quot;section-stretched&quot;}\">\n\t\t\t\t\t\t<div class=\"elementor-container elementor-column-gap-no\">\n\t\t\t\t\t<div class=\"elementor-column elementor-col-100 elementor-top-column elementor-element elementor-element-51063f7\" data-id=\"51063f7\" data-element_type=\"column\">\n\t\t\t<div class=\"elementor-widget-wrap elementor-element-populated\">\n\t\t\t\t\t\t<div class=\"elementor-element elementor-element-1c6f6dd elementor-widget elementor-widget-html\" data-id=\"1c6f6dd\" data-element_type=\"widget\" data-widget_type=\"html.default\">\n\t\t\t\t<div class=\"elementor-widget-container\">\n\t\t\t<iframe src=\"https:\/\/www.google.com\/maps\/embed?pb=!1m18!1m12!1m3!1d43965.68813491438!2d13.827419040953028!3d46.47136995967073!2m3!1f0!2f0!3f0!3m2!1i1024!2i768!4f13.1!3m3!1m2!1s0x477a7cef4839f717%3A0x206f9271d6c53d3c!2sApartmaji%20Ro%C5%BEle!5e0!3m2!1ssl!2ssi!4v1640163527812!5m2!1ssl!2ssi\" width=\"600\" height=\"450\" style=\"border:0;\" allowfullscreen=\"\" loading=\"lazy\"><\/iframe>\t\t<\/div>\n\t\t\t\t<\/div>\n\t\t\t\t\t<\/div>\n\t\t<\/div>\n\t\t\t\t\t<\/div>\n\t\t<\/section>\n\t\t\t\t<\/div>","protected":false},"excerpt":{"rendered":"<p>Apartmaji Ro\u017ele NA\u0160 NASLOV Ul. Dr. Josipa Ti\u010darja 14 4280 Kranjska Gora, Slovenija KONTAKTNE INFORMACIJE Stacionarni telefon:+386 (0)4 5881 374 Mobilni telefon: +386 (0)51 626 506<span class=\"excerpt-hellip\"> [\u2026]<\/span><\/p>","protected":false},"author":1,"featured_media":1320,"parent":0,"menu_order":0,"comment_status":"closed","ping_status":"closed","template":"","meta":{"footnotes":""},"class_list":["post-10","page","type-page","status-publish","has-post-thumbnail","hentry"],"_links":{"self":[{"href":"https:\/\/rozle.si\/en\/wp-json\/wp\/v2\/pages\/10","targetHints":{"allow":["GET"]}}],"collection":[{"href":"https:\/\/rozle.si\/en\/wp-json\/wp\/v2\/pages"}],"about":[{"href":"https:\/\/rozle.si\/en\/wp-json\/wp\/v2\/types\/page"}],"author":[{"embeddable":true,"href":"https:\/\/rozle.si\/en\/wp-json\/wp\/v2\/users\/1"}],"replies":[{"embeddable":true,"href":"https:\/\/rozle.si\/en\/wp-json\/wp\/v2\/comments?post=10"}],"version-history":[{"count":28,"href":"https:\/\/rozle.si\/en\/wp-json\/wp\/v2\/pages\/10\/revisions"}],"predecessor-version":[{"id":2142,"href":"https:\/\/rozle.si\/en\/wp-json\/wp\/v2\/pages\/10\/revisions\/2142"}],"wp:featuredmedia":[{"embeddable":true,"href":"https:\/\/rozle.si\/en\/wp-json\/wp\/v2\/media\/1320"}],"wp:attachment":[{"href":"https:\/\/rozle.si\/en\/wp-json\/wp\/v2\/media?parent=10"}],"curies":[{"name":"wp","href":"https:\/\/api.w.org\/{rel}","templated":true}]}}