{"id":1554,"date":"2022-02-11T09:42:41","date_gmt":"2022-02-11T09:42:41","guid":{"rendered":"https:\/\/rozle.si\/?page_id=1554"},"modified":"2022-02-21T09:40:04","modified_gmt":"2022-02-21T09:40:04","slug":"piskotki","status":"publish","type":"page","link":"https:\/\/rozle.si\/en\/piskotki\/","title":{"rendered":"Cookie policy"},"content":{"rendered":"<h3 class=\"wp-block-heading\" id=\"1-politika-piskotkov-rozle-g-m-d-o-o\">1. Politika pi\u0161kotkov&nbsp;&#8211; Ro\u017ele G&amp;M, d.o.o.<\/h3>\n\n\n\n<p>Spletna stran Ro\u017ele Apartmaji (https:\/\/rozle.si\/) za svoje nemoteno delovanje uporablja pi\u0161kotke. S to Politiko pi\u0161kotkov vam \u017eelimo zagotoviti splo\u0161ne informacije o pi\u0161kotkih, mo\u017enosti uporabnikov spletne strani ter informacije glede specifi\u010dnih pi\u0161kotkov, ki jih uporablja Ro\u017ele G&amp;M, d.o.o. oziroma jih z na\u0161im soglasjem uporabljajo tretje osebe.<\/p>\n\n\n\n<p>Ta Politika pi\u0161kotkov je del Splo\u0161nih pogojev poslovanja in Politike zasebnosti podjetja Ro\u017ele G&amp;M, d.o.o.<\/p>\n\n\n\n<h3 class=\"wp-block-heading\" id=\"2-kaj-so-piskotki\">2. Kaj so pi\u0161kotki?<\/h3>\n\n\n\n<p>Pi\u0161kotki so majhne tekstovne datoteke, ki se nalo\u017eijo na va\u0161 ra\u010dunalnik ob va\u0161em obisku spletne strani. Spletni strani so pi\u0161kotki v pomo\u010d, da vas prepozna ob ponovnem obisku in nam posreduje informacije o va\u0161ih aktivnostih na na\u0161i spletni strani. Pi\u0161kotki torej zbirajo informacije glede va\u0161e uporabe spletne strani ter podatke glede va\u0161e naprave, s katero dostopate do spletne strani. V tem primeru gre za va\u0161 IP naslov, tip brskalnika in demografske podatke, v primeru da ste na na\u0161o spletno stran pri\u0161li preko druge povezave pa tudi URL naslov druge spletne strani.<\/p>\n\n\n\n<p>Obstajajo razli\u010dne vrste pi\u0161kotkov. Z vidika njihove \u017eivljenjske dobe (kako dolgo so shranjeni na va\u0161em ra\u010dunalniku) lo\u010dimo \u00bbza\u010dasne oz. sejne\u00ab in \u00bbtrajne oz. shranjene\u00ab pi\u0161kotke. Za\u010dasni pi\u0161kotki se shranijo le za \u010das va\u0161ega obiska na spletni strani in se samodejno zbri\u0161ejo v trenutku ko zaprete va\u0161 spletni brskalnik. Na nasprotni strani, pa trajni pi\u0161kotki ostanejo shranjeni na va\u0161i napravi tudi potem, ko niste ve\u010d na spletu. Na va\u0161i napravi (ra\u010dunalniku, mobilnem telefonu) so shranjeni dolo\u010den \u010das in se ponovno aktivirajo vsaki\u010d ko obi\u0161\u010dete spletno stran, kjer so pi\u0161kotki nastali.<\/p>\n\n\n\n<h3 class=\"wp-block-heading\" id=\"4-piskotki-tretjih-oseb\">4. Pi\u0161kotki tretjih oseb<\/h3>\n\n\n\n<p>Da bi lahko svojim uporabnikom zagotovili najbolj\u0161o izku\u0161njo pri uporabi na\u0161ih storitev, poleg lastnih pi\u0161kotkov uporabljamo tudi pi\u0161kotke uglednih tretjih oseb, kar nam pomaga optimizirati na\u0161o spletno stran in analizirati kako se na\u0161a spleta stran uporablja s strani uporabnikov.<\/p>\n\n\n\n<p>Prav tako vam bodo dru\u017ebena omre\u017eja (Facebook, Instagram, LinkedIn) pi\u0161kotke name\u0161\u010dala glede na to, ali ste v njihovo storitev prijavljeni. Upravljanje njihovih pi\u0161kotokov je urejeno s pogoji sodelovanja, ki ste jih uporabniki sprejeli ob registraciji na dolo\u010deno socialno omre\u017eje.<\/p>\n\n\n\n<p>Uporabljamo naslednje pi\u0161kotke tretjih oseb:<\/p>\n\n\n\n<h4 class=\"wp-block-heading\" id=\"google-analytics\">Google Analytics<\/h4>\n\n\n\n<p>Uporabljamo Google Analytics (analiti\u010dno orodje Googla) za spremljanje prometa na spletni strani. Google Analyitics zbira podatke kot so: kako pogosto uporabnik obi\u0161\u010de spletno stran, katere spletne strani obi\u0161\u010de pred obiskom na\u0161e spletne strani, itd. Google Analyitics zbira le IP naslov, ki vam je dodeljen na dan obiska spletne strani, ne pa tudi imena ali druge identifikacijske podatke. Ro\u017ele G&amp;M, d.o.o. podatkov zbranih z Google Analytics ne kombinira s podatki zbranimi na drug na\u010din in s tem ne ugotavlja identitete obiskovalcev spletnih strani. Kljub temu da Google Analytics uporablja stalne pi\u0161kotke, z namenom da vas tudi ob naslednjem obisku prepozna kot istega uporabnika, so omenjeni pi\u0161kotki lahko uporabljeni samo s strani Googla. Pravice Googla do uporabe in posredovanja podatkov,ki jih pridobi s pomo\u010djo Google Analyitics, so opredeljene skladno z naslednjima dokumentoma:&nbsp;<a href=\"http:\/\/www.google.com\/analytics\/terms\/us.html\">Google Analytics Terms of Use<\/a>&nbsp;in&nbsp;<a href=\"http:\/\/www.google.com\/policies\/privacy\/\">Google Privacy Policy<\/a>. Google Analyticsu lahko onemogo\u010dite, da vas prepozna ob va\u0161em naslednjem obisku spletne strani, tako da izklju\u010dite funkcijo uporabe pi\u0161kotkov v va\u0161em spletnem brsklaniku. Podatke, ki jih pridobimo s pomo\u010djo Google Analytics, uporabljamo izklju\u010dno za namen izbolj\u0161ave na\u0161e spletne strani. Teh podatkov ne prodajamo ali ne delimo s tretjimi osebami.<\/p>\n\n\n\n<h4 class=\"wp-block-heading\" id=\"google-ads\">Google Ads<\/h4>\n\n\n\n<p>Uporabljamo Google Ads (ogla\u0161evalsko orodje Googla) za ogla\u0161evanje na spletni strani. Oglasi se prikazujejo na podlagi informacij, ki so shranjene v pi\u0161kotkih, ki jih Google namesti v va\u0161 ra\u010dunalnik. Besedilne datoteke (angl. text files) vklju\u010dujejo informacije o va\u0161em obisku na\u0161e spletne strani, zlasti oglede storitev, ki se preberejo med poznej\u0161imi obiski na\u0161e ali drugih spletni strani zaradi posebnih priporo\u010dil za storitve. Pi\u0161kotek vklju\u010duje naklju\u010dni vzdevek. \u010ce v dolo\u010denem \u010dasu obi\u0161\u010dete na\u0161o spletno stran in si ogledate na\u0161e storitve vas Google lahko prepozna s pomo\u010djo vzdevka, vendar vam teh podatkov ne more pripisati osebno. Mi ali Google teh podatkov ne bomo zdru\u017eili z va\u0161imi osebnimi podatki in ne bomo razkrili va\u0161ih osebnih podatkov nobeni tretji osebi. Lahko prepre\u010dite shranjevanje in uporabo informacij v pi\u0161kotku, ki ga je namestil Google s klikom na naslednjo povezavo&nbsp;<a href=\"http:\/\/www.google.com\/ads\/preferences\">http:\/\/www.google.com\/ads\/preferences<\/a>, kjer lahko konfigurirate svoje nastavitve. \u010ce \u017eelite ve\u010d informacij o Googlovih pravilnikih o zasebnosti sledite naslednjima povezavama:&nbsp;<a href=\"https:\/\/safety.google\/\">https:\/\/safety.google\/#<\/a>&nbsp;in&nbsp;<a href=\"https:\/\/policies.google.com\/privacy\">https:\/\/policies.google.com\/privacy<\/a>.<\/p>\n\n\n\n<h4 class=\"wp-block-heading\" id=\"facebook-pixel\">Facebook pixel<\/h4>\n\n\n\n<p>Uporabljamo Facebook pixel za bolj\u0161e sledenje prometa, ki ga prejemo s strani Facebooka, ter za merjenje u\u010dinkovitosti oglasov in sponzoriranih objav. Facebook pixel bo na va\u0161o napravo namestil ve\u010d pi\u0161kotkov, v kolikor se strinjate s pi\u0161kotki tretjih oseb na na\u0161i spletni strani. Ve\u010d o Facebook Pixel si lahko preberete na naslednji povezavi&nbsp;<a href=\"https:\/\/developers.facebook.com\/docs\/facebook-pixel\/implementation\/conversion-tracking\">https:\/\/developers.facebook.com\/docs\/facebook-pixel\/implementation\/conversion-tracking<\/a>, ve\u010d informacij o Facebookovi politiki zasebnosti pa lahko najdete v njihovi&nbsp;<a href=\"mailto:https:\/\/www.facebook.com\/policies\/cookies\/\">Politiki pi\u0161kotkov<\/a>.<\/p>\n\n\n\n<h3 class=\"wp-block-heading\" id=\"5-urejanje-piskotkov\">5. Urejanje pi\u0161kotkov<\/h3>\n\n\n\n<p>Uporabnikom spletne strani Ro\u017ele.si ponujamo mo\u017enost, da se odlo\u010dijo o sprejetju ali zavrnitvi pi\u0161kotkov. Pri tem opozorjamo, da njihova izklju\u010ditev lahko privede do te\u017eav s spletno stranjo, pretiranjega ogla\u0161evanja in drugih te\u017eav.<\/p>\n\n\n\n<p>\u010ce boste soglasje za pi\u0161kote dali, kasneje pa si boste premislili, boste morali ponastaviti svojo odlo\u010ditev tako, da boste pi\u0161kote izbrisali (navodila kako to storiti za va\u0161 brskalnik so objavljena na povezavi spodaj). Po izbrisu boste ponovno dobili obvestilo, ali \u017eelite pi\u0161kotke.<\/p>\n\n\n\n<h3 class=\"wp-block-heading\" id=\"6-navodila-za-urejanje-piskotkov-v-posameznih-brskalnikih\">6. Navodila za urejanje pi\u0161kotkov v posameznih brskalnikih<\/h3>\n\n\n\n<p>\u010ce \u017eelite spremeniti na\u010din uporabe pi\u0161kotkov v brskalniku, vklju\u010dno z blokiranjem ali izbrisom, lahko to storite z ustrezno spremembo nastavitev brskalnika. Za upravljanje vam ve\u010dina brskalnikov omogo\u010da, da sprejmete ali zavrnete vse pi\u0161kotke, sprejmete samo dolo\u010deno vrsto pi\u0161kotkov ali pa vas opozori, da stran \u017eeli shrantiti pi\u0161kotek. Pi\u0161kotke, ki jih je brskalnik shranil, lahko tudi enostavno izbri\u0161ete. \u010ce spremenite ali izbri\u0161ete brskalnikovo datoteko s pi\u0161kotki, spremenite ali nagradite va\u0161 brskalnik ali napravo, boste morda morali ponovno onemogo\u010diti pi\u0161kotke. Postopek za upravljanje in brisanje pi\u0161kotkov se razlikuje od brskalnika do brskalnika. \u010ce pri tem potrebujete pomo\u010d, lahko pogledate v brskalnikovi pomo\u010di uporabnikom.<\/p>\n\n\n\n<ul class=\"wp-block-list\"><li><a href=\"mailto:https:\/\/support.google.com\/chrome\/answer\/95647?hl=sl\">Google Chrome<\/a><\/li><li><a href=\"mailto:https:\/\/support.microsoft.com\/en-gb\/help\/17442\/windows-internet-explorer-delete-manage-cookies\">Internet Explorer<\/a><\/li><li><a href=\"mailto:https:\/\/support.apple.com\/en-us\/HT201265\">Safari<\/a><\/li><li><a href=\"mailto:https:\/\/support.mozilla.org\/en-US\/kb\/enable-and-disable-cookies-website-preferences\">Firefox<\/a><\/li><li><a href=\"mailto:https:\/\/help.opera.com\/en\/latest\/\">Opera<\/a><\/li><\/ul>\n\n\n\n<h3 class=\"wp-block-heading\" id=\"7-soglasje\">7. Soglasje<\/h3>\n\n\n\n<p>Z uporabo na\u0161e spletne strani se strinjate, da vam ta spletna stran nastavi pi\u0161kotke na va\u0161i napravi.<\/p>\n\n\n\n<h3 class=\"wp-block-heading\" id=\"8-dodatne-informacije-in-kontaktni-podatki\">8. Dodatne informacije in kontaktni podatki:<\/h3>\n\n\n\n<p>V primeru, da potrebujete kakr\u0161ne koli dodatne informacije, vam svetujemo da obi\u0161\u010dete spletno stran&nbsp;<a href=\"http:\/\/www.aboutcookies.org\/\">www.aboutcookies.org<\/a>&nbsp;ali&nbsp;<a href=\"http:\/\/www.whatarecookies.com\/\">www.whatarecookies.com<\/a>.<\/p>\n\n\n\n<p>V primeru da bi nas \u017eeleli kontaktirati, nam prosimo posredujte elektornsko sporo\u010dilo na elektronski naslov&nbsp;info@rozle.si.<\/p>\n\n\n\n<h3 class=\"wp-block-heading\" id=\"9-spremembe-politike-piskotkov\">9. Spremembe Politike pi\u0161kotkov<\/h3>\n\n\n\n<p>Ro\u017ele G&amp;M, d.o.o. si pridru\u017euje pravico, da lahko kadarkoli spremeni ali dopolni Politiko pi\u0161kotkov. Va\u0161a odgovornost je da se seznanite z vsemi morebitnimi spremembami. Datum zadnje Politike pi\u0161kotkov je zapisan v dokumentu. V kolikor imate v primeru sprememb kakr\u0161na koli vpra\u0161anja, nas kontaktirajte na&nbsp;info@rozle.si.<\/p>\n\n\n\n<p>RO\u017dLE G&amp;M, D.O.O.<\/p>\n\n\n\n<p>Kranjska Gora, februar 2022<\/p>","protected":false},"excerpt":{"rendered":"<p>1. Politika pi\u0161kotkov&nbsp;&#8211; Ro\u017ele G&amp;M, d.o.o. Spletna stran Ro\u017ele Apartmaji (https:\/\/rozle.si\/) za svoje nemoteno delovanje uporablja pi\u0161kotke. S to Politiko pi\u0161kotkov vam \u017eelimo zagotoviti splo\u0161ne informacije<span class=\"excerpt-hellip\"> [\u2026]<\/span><\/p>","protected":false},"author":1,"featured_media":1101,"parent":0,"menu_order":0,"comment_status":"closed","ping_status":"closed","template":"","meta":{"footnotes":""},"class_list":["post-1554","page","type-page","status-publish","has-post-thumbnail","hentry"],"_links":{"self":[{"href":"https:\/\/rozle.si\/en\/wp-json\/wp\/v2\/pages\/1554","targetHints":{"allow":["GET"]}}],"collection":[{"href":"https:\/\/rozle.si\/en\/wp-json\/wp\/v2\/pages"}],"about":[{"href":"https:\/\/rozle.si\/en\/wp-json\/wp\/v2\/types\/page"}],"author":[{"embeddable":true,"href":"https:\/\/rozle.si\/en\/wp-json\/wp\/v2\/users\/1"}],"replies":[{"embeddable":true,"href":"https:\/\/rozle.si\/en\/wp-json\/wp\/v2\/comments?post=1554"}],"version-history":[{"count":5,"href":"https:\/\/rozle.si\/en\/wp-json\/wp\/v2\/pages\/1554\/revisions"}],"predecessor-version":[{"id":1814,"href":"https:\/\/rozle.si\/en\/wp-json\/wp\/v2\/pages\/1554\/revisions\/1814"}],"wp:featuredmedia":[{"embeddable":true,"href":"https:\/\/rozle.si\/en\/wp-json\/wp\/v2\/media\/1101"}],"wp:attachment":[{"href":"https:\/\/rozle.si\/en\/wp-json\/wp\/v2\/media?parent=1554"}],"curies":[{"name":"wp","href":"https:\/\/api.w.org\/{rel}","templated":true}]}}